{"id":708,"date":"2018-06-11T13:31:09","date_gmt":"2018-06-11T11:31:09","guid":{"rendered":"https:\/\/www.dvur-hoffmeister.cz\/?page_id=708"},"modified":"2026-03-13T21:06:42","modified_gmt":"2026-03-13T20:06:42","slug":"newsletter","status":"publish","type":"page","link":"https:\/\/www.dvur-hoffmeister.cz\/en\/newsletter\/","title":{"rendered":"Newsletter"},"content":{"rendered":"\n<div class=\"wpcf7 no-js\" id=\"wpcf7-f31676-o1\" lang=\"cs-CZ\" dir=\"ltr\" data-wpcf7-id=\"31676\">\n<div class=\"screen-reader-response\"><p role=\"status\" aria-live=\"polite\" aria-atomic=\"true\"><\/p> <ul><\/ul><\/div>\n<form action=\"\/en\/wp-json\/wp\/v2\/pages\/708#wpcf7-f31676-o1\" method=\"post\" class=\"wpcf7-form init\" aria-label=\"Kontaktn\u00ed formul\u00e1\u0159\" novalidate=\"novalidate\" data-status=\"init\">\n<fieldset class=\"hidden-fields-container\"><input type=\"hidden\" name=\"_wpcf7\" value=\"31676\" \/><input type=\"hidden\" name=\"_wpcf7_version\" value=\"6.1.5\" \/><input type=\"hidden\" name=\"_wpcf7_locale\" value=\"cs_CZ\" \/><input type=\"hidden\" name=\"_wpcf7_unit_tag\" value=\"wpcf7-f31676-o1\" \/><input type=\"hidden\" name=\"_wpcf7_container_post\" value=\"0\" \/><input type=\"hidden\" name=\"_wpcf7_posted_data_hash\" value=\"\" \/><input type=\"hidden\" name=\"_wpcf7_recaptcha_response\" value=\"\" \/>\n<\/fieldset>\n<div class=\"wpcf7-response-output\" aria-hidden=\"true\"><\/div>\n<div class=\"field\">\n  <label class=\"field-label\">E-mail<\/label><br \/>\n  <span class=\"wpcf7-form-control-wrap\" data-name=\"your-email\"><input size=\"40\" maxlength=\"400\" class=\"wpcf7-form-control wpcf7-email wpcf7-validates-as-required wpcf7-text wpcf7-validates-as-email input\" id=\"your-email\" aria-required=\"true\" aria-invalid=\"false\" value=\"\" type=\"email\" name=\"your-email\" \/><\/span>\n<\/div>\n<div class=\"field_Group cols-3\">\n  <div class=\"field\">\n    <span class=\"field-inset\">\n      <label class=\"field-label\">About horses<\/label><br \/>\n      <span class=\"wpcf7-form-control-wrap\" data-name=\"about-horses\"><select class=\"wpcf7-form-control wpcf7-select wpcf7-validates-as-required input\" id=\"about-horses\" aria-required=\"true\" aria-invalid=\"false\" name=\"about-horses\"><option value=\"No\">No<\/option><option value=\"Yes\">Yes<\/option><\/select><\/span>\n    <\/span>\n  <\/div>\n  <div class=\"field\">\n    <span class=\"field-inset\">\n      <label class=\"field-label\">About restaurant<\/label><br \/>\n      <span class=\"wpcf7-form-control-wrap\" data-name=\"about-restaurant\"><select class=\"wpcf7-form-control wpcf7-select wpcf7-validates-as-required input\" id=\"about-restaurant\" aria-required=\"true\" aria-invalid=\"false\" name=\"about-restaurant\"><option value=\"No\">No<\/option><option value=\"Yes\">Yes<\/option><\/select><\/span>\n    <\/span>\n  <\/div>\n  <div class=\"field\">\n    <span class=\"field-inset\">\n      <label class=\"field-label\">About accomdation<\/label><br \/>\n      <span class=\"wpcf7-form-control-wrap\" data-name=\"about-accomodation\"><select class=\"wpcf7-form-control wpcf7-select wpcf7-validates-as-required input\" id=\"about-accomodation\" aria-required=\"true\" aria-invalid=\"false\" name=\"about-accomodation\"><option value=\"No\">No<\/option><option value=\"Yes\">Yes<\/option><\/select><\/span>\n    <\/span>\n  <\/div>\n<\/div>\n<button type=\"submit\" class=\"link type-button size-large\"><span>Receive newsletter<\/span><\/button>\n<\/form>\n<\/div>\n\n","protected":false},"excerpt":{"rendered":"<p>Subscribe to our newsletter to receive news from Dvur Hoffmeister: events, menus etc. <\/p>\n","protected":false},"author":4,"featured_media":0,"parent":0,"menu_order":0,"comment_status":"closed","ping_status":"closed","template":"newsletter.php","meta":{"footnotes":""},"class_list":["post-708","page","type-page","status-publish","hentry"],"yoast_head":"<!-- This site is optimized with the Yoast SEO plugin v27.4 - https:\/\/yoast.com\/product\/yoast-seo-wordpress\/ -->\n<title>Newsletter - Dv\u016fr Hoffmeister<\/title>\n<meta name=\"robots\" content=\"index, follow, max-snippet:-1, max-image-preview:large, max-video-preview:-1\" \/>\n<link rel=\"canonical\" href=\"https:\/\/www.dvur-hoffmeister.cz\/en\/newsletter\/\" \/>\n<meta property=\"og:locale\" content=\"en_US\" \/>\n<meta property=\"og:type\" content=\"article\" \/>\n<meta property=\"og:title\" content=\"Newsletter - Dv\u016fr Hoffmeister\" \/>\n<meta property=\"og:description\" content=\"Subscribe to our newsletter to receive news from Dvur Hoffmeister: events, menus etc.\" \/>\n<meta property=\"og:url\" content=\"https:\/\/www.dvur-hoffmeister.cz\/en\/newsletter\/\" \/>\n<meta property=\"og:site_name\" content=\"Dv\u016fr Hoffmeister\" \/>\n<meta property=\"article:modified_time\" content=\"2026-03-13T20:06:42+00:00\" \/>\n<meta name=\"twitter:card\" content=\"summary_large_image\" \/>\n<meta name=\"twitter:label1\" content=\"Est. reading time\" \/>\n\t<meta name=\"twitter:data1\" content=\"1 minute\" \/>\n<script type=\"application\/ld+json\" class=\"yoast-schema-graph\">{\"@context\":\"https:\\\/\\\/schema.org\",\"@graph\":[{\"@type\":\"WebPage\",\"@id\":\"https:\\\/\\\/www.dvur-hoffmeister.cz\\\/en\\\/newsletter\\\/\",\"url\":\"https:\\\/\\\/www.dvur-hoffmeister.cz\\\/en\\\/newsletter\\\/\",\"name\":\"Newsletter - Dv\u016fr Hoffmeister\",\"isPartOf\":{\"@id\":\"https:\\\/\\\/www.dvur-hoffmeister.cz\\\/#website\"},\"datePublished\":\"2018-06-11T11:31:09+00:00\",\"dateModified\":\"2026-03-13T20:06:42+00:00\",\"breadcrumb\":{\"@id\":\"https:\\\/\\\/www.dvur-hoffmeister.cz\\\/en\\\/newsletter\\\/#breadcrumb\"},\"inLanguage\":\"en-US\",\"potentialAction\":[{\"@type\":\"ReadAction\",\"target\":[\"https:\\\/\\\/www.dvur-hoffmeister.cz\\\/en\\\/newsletter\\\/\"]}]},{\"@type\":\"BreadcrumbList\",\"@id\":\"https:\\\/\\\/www.dvur-hoffmeister.cz\\\/en\\\/newsletter\\\/#breadcrumb\",\"itemListElement\":[{\"@type\":\"ListItem\",\"position\":1,\"name\":\"Dom\u016f\",\"item\":\"https:\\\/\\\/www.dvur-hoffmeister.cz\\\/en\\\/dvur-hoffmeister-restaurant-hotel-weddings-near-prague\\\/\"},{\"@type\":\"ListItem\",\"position\":2,\"name\":\"Newsletter\"}]},{\"@type\":\"WebSite\",\"@id\":\"https:\\\/\\\/www.dvur-hoffmeister.cz\\\/#website\",\"url\":\"https:\\\/\\\/www.dvur-hoffmeister.cz\\\/\",\"name\":\"Dv\u016fr Hoffmeister\",\"description\":\"Rodinn\u00fd hotel, restaurace a svatby u Prahy\",\"potentialAction\":[{\"@type\":\"SearchAction\",\"target\":{\"@type\":\"EntryPoint\",\"urlTemplate\":\"https:\\\/\\\/www.dvur-hoffmeister.cz\\\/?s={search_term_string}\"},\"query-input\":{\"@type\":\"PropertyValueSpecification\",\"valueRequired\":true,\"valueName\":\"search_term_string\"}}],\"inLanguage\":\"en-US\"}]}<\/script>\n<!-- \/ Yoast SEO plugin. -->","yoast_head_json":{"title":"Newsletter - Dv\u016fr Hoffmeister","robots":{"index":"index","follow":"follow","max-snippet":"max-snippet:-1","max-image-preview":"max-image-preview:large","max-video-preview":"max-video-preview:-1"},"canonical":"https:\/\/www.dvur-hoffmeister.cz\/en\/newsletter\/","og_locale":"en_US","og_type":"article","og_title":"Newsletter - Dv\u016fr Hoffmeister","og_description":"Subscribe to our newsletter to receive news from Dvur Hoffmeister: events, menus etc.","og_url":"https:\/\/www.dvur-hoffmeister.cz\/en\/newsletter\/","og_site_name":"Dv\u016fr Hoffmeister","article_modified_time":"2026-03-13T20:06:42+00:00","twitter_card":"summary_large_image","twitter_misc":{"Est. reading time":"1 minute"},"schema":{"@context":"https:\/\/schema.org","@graph":[{"@type":"WebPage","@id":"https:\/\/www.dvur-hoffmeister.cz\/en\/newsletter\/","url":"https:\/\/www.dvur-hoffmeister.cz\/en\/newsletter\/","name":"Newsletter - Dv\u016fr Hoffmeister","isPartOf":{"@id":"https:\/\/www.dvur-hoffmeister.cz\/#website"},"datePublished":"2018-06-11T11:31:09+00:00","dateModified":"2026-03-13T20:06:42+00:00","breadcrumb":{"@id":"https:\/\/www.dvur-hoffmeister.cz\/en\/newsletter\/#breadcrumb"},"inLanguage":"en-US","potentialAction":[{"@type":"ReadAction","target":["https:\/\/www.dvur-hoffmeister.cz\/en\/newsletter\/"]}]},{"@type":"BreadcrumbList","@id":"https:\/\/www.dvur-hoffmeister.cz\/en\/newsletter\/#breadcrumb","itemListElement":[{"@type":"ListItem","position":1,"name":"Dom\u016f","item":"https:\/\/www.dvur-hoffmeister.cz\/en\/dvur-hoffmeister-restaurant-hotel-weddings-near-prague\/"},{"@type":"ListItem","position":2,"name":"Newsletter"}]},{"@type":"WebSite","@id":"https:\/\/www.dvur-hoffmeister.cz\/#website","url":"https:\/\/www.dvur-hoffmeister.cz\/","name":"Dv\u016fr Hoffmeister","description":"Rodinn\u00fd hotel, restaurace a svatby u Prahy","potentialAction":[{"@type":"SearchAction","target":{"@type":"EntryPoint","urlTemplate":"https:\/\/www.dvur-hoffmeister.cz\/?s={search_term_string}"},"query-input":{"@type":"PropertyValueSpecification","valueRequired":true,"valueName":"search_term_string"}}],"inLanguage":"en-US"}]}},"_links":{"self":[{"href":"https:\/\/www.dvur-hoffmeister.cz\/en\/wp-json\/wp\/v2\/pages\/708","targetHints":{"allow":["GET"]}}],"collection":[{"href":"https:\/\/www.dvur-hoffmeister.cz\/en\/wp-json\/wp\/v2\/pages"}],"about":[{"href":"https:\/\/www.dvur-hoffmeister.cz\/en\/wp-json\/wp\/v2\/types\/page"}],"author":[{"embeddable":true,"href":"https:\/\/www.dvur-hoffmeister.cz\/en\/wp-json\/wp\/v2\/users\/4"}],"replies":[{"embeddable":true,"href":"https:\/\/www.dvur-hoffmeister.cz\/en\/wp-json\/wp\/v2\/comments?post=708"}],"version-history":[{"count":4,"href":"https:\/\/www.dvur-hoffmeister.cz\/en\/wp-json\/wp\/v2\/pages\/708\/revisions"}],"predecessor-version":[{"id":31677,"href":"https:\/\/www.dvur-hoffmeister.cz\/en\/wp-json\/wp\/v2\/pages\/708\/revisions\/31677"}],"wp:attachment":[{"href":"https:\/\/www.dvur-hoffmeister.cz\/en\/wp-json\/wp\/v2\/media?parent=708"}],"curies":[{"name":"wp","href":"https:\/\/api.w.org\/{rel}","templated":true}]}}